{"id":358,"date":"2011-01-25T21:34:25","date_gmt":"2011-01-25T20:34:25","guid":{"rendered":"http:\/\/www.schachbezirk-freiburg.de\/?page_id=358"},"modified":"2011-01-25T21:34:25","modified_gmt":"2011-01-25T20:34:25","slug":"einzelpokal-vorrunde-sud","status":"publish","type":"page","link":"https:\/\/schachbezirk-freiburg.de\/?page_id=358","title":{"rendered":"Einzelpokal Vorrunde S\u00fcd"},"content":{"rendered":"<p>Zw\u00f6lf Schachfreunde fanden sich am 18. Oktober zur ersten Runde der Vorrunde S\u00fcd des Bezirkseinzelpokals in Ebringen ein.<br \/>\nDie zweite Runde findet am 8. November in Ebringen statt.<\/p>\n<p><strong>Auslosung der zweiten Runde am 08. November ab 20 Uhr in Ebringen<br \/>\n<\/strong><\/p>\n<table>\n<colgroup>\n<col width=\"200\"><\/col>\n<col width=\"30\"><\/col>\n<col width=\"200\"><\/col>\n<col width=\"30\"><\/col>\n<col width=\"70\"><\/col>\n<\/colgroup>\n<tbody>\n<tr>\n<th>Spieler<br \/>\nVerein<\/th>\n<th>Erg.<\/th>\n<th>Spieler<br \/>\nVerein<\/th>\n<th>Erg.<\/th>\n<th>Stechen<\/th>\n<\/tr>\n<tr>\n<td>Karlheinz Gassenmann<br \/>\nHeitersheim<\/td>\n<td><\/td>\n<td>Christoph Grunau<br \/>\nHeitersheim<\/td>\n<td><\/td>\n<td><\/td>\n<\/tr>\n<tr>\n<td>Bernd Reichardt<br \/>\nMarkgr\u00e4flerland<\/td>\n<td>0<\/td>\n<td>Harald Wiedemann<br \/>\nHeitersheim<\/td>\n<td>1<\/td>\n<td><\/td>\n<\/tr>\n<tr>\n<td>Bert-Ram Sah<br \/>\nEbringen<\/td>\n<td><\/td>\n<td>Francisco Carretero Martinez<br \/>\nMarkgr\u00e4flerland<\/td>\n<td><\/td>\n<td><\/td>\n<\/tr>\n<\/tbody>\n<\/table>\n<p><strong>Ergebnisse der ersten Runde am 18. Oktober in Ebringen<br \/>\n<\/strong><\/p>\n<table>\n<colgroup>\n<col width=\"200\"><\/col>\n<col width=\"30\"><\/col>\n<col width=\"200\"><\/col>\n<col width=\"30\"><\/col>\n<col width=\"70\"><\/col>\n<\/colgroup>\n<tbody>\n<tr>\n<th>Spieler<br \/>\nVerein<\/th>\n<th>Erg.<\/th>\n<th>Spieler<br \/>\nVerein<\/th>\n<th>Erg.<\/th>\n<th>Stechen<\/th>\n<\/tr>\n<tr>\n<td>Lorenz Hartmann<br \/>\nHeitersheim<\/td>\n<td>0<\/td>\n<td><strong>Karlheinz Gassenmann<\/strong><br \/>\nHeitersheim<\/td>\n<td>1<\/td>\n<td><\/td>\n<\/tr>\n<tr>\n<td><strong>Bert-Ram Sah<\/strong><br \/>\nEbringen<\/td>\n<td>1<\/td>\n<td>Anna Bonrath<br \/>\nEbringen<\/td>\n<td>0<\/td>\n<td><\/td>\n<\/tr>\n<tr>\n<td>G\u00fcnter Raske<br \/>\nHeitersheim<\/td>\n<td>\u00bd<\/td>\n<td><strong>Francisco Carretero Martinez<\/strong><br \/>\nMarkgr\u00e4flerland<\/td>\n<td>\u00bd<\/td>\n<td>(0 &#8211; 2)<\/td>\n<\/tr>\n<tr>\n<td>Leonard Wendering<br \/>\nHeitersheim<\/td>\n<td>0<\/td>\n<td><strong>Harald Wiedemann<\/strong><br \/>\nHeitersheim<\/td>\n<td>1<\/td>\n<td><\/td>\n<\/tr>\n<tr>\n<td><strong>Christoph Grunau<\/strong><br \/>\nHeitersheim<\/td>\n<td>1<\/td>\n<td>Michael H\u00f6chemer<br \/>\nMarkgr\u00e4flerland<\/td>\n<td>0<\/td>\n<td><\/td>\n<\/tr>\n<tr>\n<td>Matthias Stich<br \/>\nHeitersheim<\/td>\n<td>\u00bd<\/td>\n<td><strong>Bernd Reichardt<\/strong><br \/>\nMarkgr\u00e4flerland<\/td>\n<td>\u00bd<\/td>\n<td>(\u00bd &#8211; 1\u00bd)<\/td>\n<\/tr>\n<\/tbody>\n<\/table>\n","protected":false},"excerpt":{"rendered":"<p>Zw\u00f6lf Schachfreunde fanden sich am 18. Oktober zur ersten Runde der Vorrunde S\u00fcd des Bezirkseinzelpokals in Ebringen ein. Die zweite Runde findet am 8. November in Ebringen statt. Auslosung der &hellip; <a href=\"https:\/\/schachbezirk-freiburg.de\/?page_id=358\" class=\"more-link\"><span class=\"screen-reader-text\">Einzelpokal Vorrunde S\u00fcd<\/span> weiterlesen <span class=\"meta-nav\">&rarr;<\/span><\/a><\/p>\n","protected":false},"author":3,"featured_media":0,"parent":345,"menu_order":0,"comment_status":"closed","ping_status":"closed","template":"","meta":{"footnotes":""},"class_list":["post-358","page","type-page","status-publish","hentry"],"_links":{"self":[{"href":"https:\/\/schachbezirk-freiburg.de\/index.php?rest_route=\/wp\/v2\/pages\/358","targetHints":{"allow":["GET"]}}],"collection":[{"href":"https:\/\/schachbezirk-freiburg.de\/index.php?rest_route=\/wp\/v2\/pages"}],"about":[{"href":"https:\/\/schachbezirk-freiburg.de\/index.php?rest_route=\/wp\/v2\/types\/page"}],"author":[{"embeddable":true,"href":"https:\/\/schachbezirk-freiburg.de\/index.php?rest_route=\/wp\/v2\/users\/3"}],"replies":[{"embeddable":true,"href":"https:\/\/schachbezirk-freiburg.de\/index.php?rest_route=%2Fwp%2Fv2%2Fcomments&post=358"}],"version-history":[{"count":0,"href":"https:\/\/schachbezirk-freiburg.de\/index.php?rest_route=\/wp\/v2\/pages\/358\/revisions"}],"up":[{"embeddable":true,"href":"https:\/\/schachbezirk-freiburg.de\/index.php?rest_route=\/wp\/v2\/pages\/345"}],"wp:attachment":[{"href":"https:\/\/schachbezirk-freiburg.de\/index.php?rest_route=%2Fwp%2Fv2%2Fmedia&parent=358"}],"curies":[{"name":"wp","href":"https:\/\/api.w.org\/{rel}","templated":true}]}}