{"id":333,"date":"2011-01-18T23:19:00","date_gmt":"2011-01-18T22:19:00","guid":{"rendered":"http:\/\/www.schachbezirk-freiburg.de\/?page_id=333"},"modified":"2024-10-21T14:20:11","modified_gmt":"2024-10-21T13:20:11","slug":"ordnungen","status":"publish","type":"page","link":"https:\/\/schachbezirk-freiburg.de\/?page_id=333","title":{"rendered":"Ordnungen"},"content":{"rendered":"<h2>Turnierordnung<\/h2>\n<h6>(verabschiedet in der Bezirksversammlung am 6. Juli 2012, letzte \u00c4nderung am 2. Juli 2014)<\/h6>\n<h3>Kapitel I &#8211; Allgemeine Vorschriften<\/h3>\n<h3>\u00a7 1 &#8211; Spielbetrieb<\/h3>\n<p>Im Schachbezirk Freiburg\/Breisgau e.V. werden folgende Turniere regelm\u00e4\u00dfig ausgetragen:<\/p>\n<ol>\n<li>Einzelmeisterschaften (a) Bezirksmeisterschaften (\u00a74)<br \/>\n(b) Bezirkspokal (\u00a75)<\/li>\n<li>Mannschaftsmeisterschaften (a) Bezirksklasse (\u00a78)<br \/>\n(b) Kreisklassen A, B, C, D (\u00a7\u00a79 ff.)<br \/>\n(c) Bezirkspokal<br \/>\n(d) Seniorenmannschaftsmeisterschaft<\/li>\n<li>Blitzmeisterschaften (a) Mannschaftsmeisterschaft<br \/>\n(b) Einzelmeisterschaft<\/li>\n<li>Jugendmeisterschaften (TO Jugend)<\/li>\n<\/ol>\n<h3>\u00a7 1a &#8211; Zust\u00e4ndigkeiten<\/h3>\n<ol>\n<li>Turnierleiter Verbandsrunde: Zust\u00e4ndig f\u00fcr die Durchf\u00fchrung der Verbandsrunde (Bezirksklasse und Kreisklassen)<\/li>\n<li>Turnierleiter Pokal\/Blitz\/Einzel: Zust\u00e4ndig f\u00fcr die Durchf\u00fchrung folgender Bezirkswettbewerbe Einzelmeisterschaft, des Einzelpokals, des Mannschaftspokals, der Blitzeinzelmeisterschaft und der Blitzmannschaftsmeisterschaft<\/li>\n<li>Seniorenbeauftragter: Zust\u00e4ndig f\u00fcr die Seniorenmannschaftsmeisterschaft<\/li>\n<li>Schachjugend Bezirk Freiburg: zust\u00e4ndig f\u00fcr die Durchf\u00fchrung der Bezirksjugendturniere nach der Jugendturnierordnung.<\/li>\n<\/ol>\n<h3>\u00a7 2 &#8211; Spielberechtigung<\/h3>\n<p>F\u00fcr alle Turniere, die in den Bereich des Turnierleiters Verbandsrunde fallen, ist grunds\u00e4tzlich eine Spielberechtigung im Sinne der Turnierordnung des Badischen Schachverbandes f\u00fcr einen Verein des Schachbezirks Freiburg\/Breisgau notwendig.<br \/>\nBei allen anderen Turnieren sollte diese Spielberechtigung ebenfalls gegeben sein.<\/p>\n<h3>\u00a7 3 &#8211; Allgemeine Bestimmungen<\/h3>\n<ol>\n<li>\u00c4nderungen der Turnierordnung nimmt der Bezirksvorstand mit Mehrheitsbeschluss vor. Entscheidende \u00c4nderungen werden von der Bezirksversammlung verabschiedet. \u00c4nderungen der Jugendturnierordnung werden von der Schachjugend Bezirk Freiburg vorgenommen.<\/li>\n<li>Die Regeln und Bestimmungen des Weltschachbundes FIDE und die Badische Turnierordnung bilden einen Bestandteil dieser Turnierordnung und sind dann anzuwenden, wenn diese Turnierordnung nichts anderes vorsieht.<\/li>\n<\/ol>\n<h3>Kapitel II &#8211; Meisterschaften (au\u00dfer Jugend)<\/h3>\n<h3><a name=\"einzelmei\"><\/a>Abschnitt 1: Einzelmeisterschaften<\/h3>\n<h3><a name=\"EiMei\"><\/a>\u00a7 4 &#8211; Bezirkseinzelmeisterschaft<\/h3>\n<ol>\n<li>Die Bezirkseinzelmeisterschaft wird in einer Klasse ausgetragen.<\/li>\n<li>Spielberechtigung: Spielberechtigt sind alle Spieler, die einem Verein des Schachbezirks Freiburg\/Breisgau angeh\u00f6ren oder die im Bezirk Freiburg ihren Wohnsitz haben, jedoch bei einem Verein au\u00dferhalb spielberechtigt sind.<\/li>\n<li>Turniermodus: mindestens 5 Runden CH-System.<\/li>\n<li>Bedenkzeit: 2 h \/ 40 Z\u00fcge + 30 Minuten\/ Rest pro Spieler und Partie<\/li>\n<li>Wertung bei Punktgleichheit: CH-System: Buchholz-Wertung, wobei der schlechteste Gegner nicht gewertet wird. Weitere Verfeinerungen werden nicht vorgenommen.<\/li>\n<\/ol>\n<h3><a name=\"EiPo\"><\/a>\u00a7 5 Bezirkseinzelpokal<\/h3>\n<ol>\n<li>Spielberechtigt sind alle Spieler, die einem Verein des Schachbezirks Freiburg\/Breisgau angeh\u00f6ren oder die im Bezirk Freiburg ihren Wohnsitz haben, jedoch bei einem Verein au\u00dferhalb spielberechtigt sind.<\/li>\n<li>Das Bezirkspokalturnier wird in vier Vorrunden und einer aus 16 Spielern bestehenden Endrunde im KO-System ausgetragen. Die Zahl der Endrundenteilnehmer aus den einzelnen Vorrunden ermittelt sich nach dem Hare-Niemeyer-Verfahren. Der Vorjahressieger ist automatisch f\u00fcr die Endrunde des kommenden Jahres qualifiziert.<\/li>\n<li>Die einzelnen Bezirksvereine werden den Vorrunden zugeordnet:Vorrunde Nordwest:<br \/>\nEmmendingen, Endingen, Ettenheim, UmkirchVorrunde Elztal<br \/>\nDenzlingen, Waldkirch, Oberwinden, Simonswald<\/p>\n<p>Vorrunde Freiburg:<br \/>\nDreisamtal, SP Freiburg, Freiburg-West, FR-Wiehre, FR-Z\u00e4hringen 1887, Gundelfingen<\/p>\n<p>Vorrunde S\u00fcd:<br \/>\nBad Krozingen, Badenweiler, Ebringen, Heitersheim, Horben, Schwarz-Wei\u00df Merzhausen, Markgr\u00e4flerland, M\u00fcnstertal, S\u00f6lden, Staufen<\/li>\n<li>Die Ausrichter der Vor- und Endrunde legt die Bezirksversammlung fest.<\/li>\n<li>In der ersten Runde der Vorrunde werden alle Gegner gegeneinander gelost (ein Freilos bei ungerader Teilnehmerzahl). danach wird gegebenenfalls eine Zwischenrunde ausgetragen, in der die Teilnehmerzahl auf eine KO-System-gerechte Zahl verkleinert wird.<\/li>\n<li>Bedenkzeit:<br \/>\n90min\/36 Z\u00fcge + 30 Minuten f\u00fcr den Rest der Partie.<\/li>\n<li>Bei Remis wird wie in der Badischen Turnierordnung vorgesehen verfahren.<\/li>\n<li>Der beste Spieler aus einem Verein des Bezirks Freiburg erh\u00e4lt den Titel &#8222;Bezirkspokalsieger&#8220; des laufenden Jahres.<\/li>\n<\/ol>\n<h3><a name=\"MaMe\"><\/a>Abschnitt 2: Mannschaftsmeisterschaften<\/h3>\n<h3>\u00a7 7 &#8211; Allgemeine Bestimmungen<\/h3>\n<ol>\n<li>Die Bezirksklasse und die Kreisklassen A, und B spielen in der Regel mit jeweils 10 Mannschaften aus acht Spielern. Die Kreisklasse C spielt mit Mannschaften aus f\u00fcnf Spielern. Die Kreisklasse D spielt mit Mannschaften aus vier Spielern.<\/li>\n<li>In der Bezirksklasse betr\u00e4gt die Bedenkzeit je Spieler 100 Minuten f\u00fcr 40 Z\u00fcge, danach 50 Minuten f\u00fcr den Rest der Partie sowie 30 Sekunden je Zug ab dem 1. Zug (Fischer-Modus). In den Kreisklassen betr\u00e4gt die Bedenkzeit 2h \/ 40 Z\u00fcge + 30 min<br \/>\nf\u00fcr den Rest der Partie.<\/li>\n<li>Spieler, die sp\u00e4ter als 30 Minuten nach dem angesetzten Spielbeginn am Brett erscheinen, haben ihre Partien verloren.<\/li>\n<li>R\u00fcckzug von Mannschaften\n<ul>\n<li>Wird am Saisonende eine Mannschaft aus einer der Klassen Bezirk bis Kreisklasse zur\u00fcckgezogen, so ist dies bei der Auf- und Abstiegsregelung der betreffenden und der nachgeordneten Klassen so zu werten, als ob eine Mannschaft weniger aus der Bereichsliga in die Bezirksklasse Freiburg\/Breisgau abgestiegen w\u00e4re.<\/li>\n<\/ul>\n<ul>\n<li>Wird zwischen dem 07.07. und 01.09. eine Mannschaft aus einer der Klassen Bezirk bis Kreisklasse zur\u00fcckgezogen, steigt der bestplatzierte Absteiger in der betreffenden und in den nachfolgenden Klassen nicht ab. Der Letztplatzierte einer Klasse muss auf jeden Fall absteigen. In diesem Fall steigt der beste Nichtaufsteiger der darunter liegenden Klasse auf.<\/li>\n<\/ul>\n<\/li>\n<li>Steigen mehr als drei Mannschaften aus der Bereichsliga in die Bezirksklasse Freiburg\/Breisgau ab, so erh\u00f6ht sich die Anzahl der absteigenden Mannschaften in der Bezirksklasse und den Kreisklassen entsprechend.<\/li>\n<li>Eine Mannschaft, die einmal nicht antritt, verliert ihr Aufstiegsrecht. Tritt eine Mannschaft in der Bezirksklasse, Kreisklasse A oder Kreisklasse B zum zweiten Mal nicht an, dann werden alle bisher erzielten Ergebnisse annulliert und die Mannschaft gilt als zur\u00fcckgezogen.<\/li>\n<\/ol>\n<h3>\u00a7 8 &#8211; Bezirksklasse<\/h3>\n<ol>\n<li>Aufstiegsregelung: Die Anzahl der Aufsteiger in die Bereichsliga wird durch die Badische Turnierordnung geregelt.<\/li>\n<li>Abstiegsregelung: a) Kein oder ein Absteiger aus der Bereichsliga in die Bezirksklasse Freiburg\/Breisgau: Der Letzte steigt ab.<br \/>\nb) Zwei oder drei Absteiger aus der Bereichsliga in die Bezirksklasse Freiburg\/Breisgau: Der Letzte und der Vorletzte steigt ab.<\/li>\n<\/ol>\n<h3><a name=\"kreisa\"><\/a>\u00a7 9 &#8211; Kreisklasse A<\/h3>\n<ol>\n<li>Aufstiegsregelung: a) Kein Absteiger aus der Bereichsliga in die Bezirksklasse Freiburg\/Breisgau: Der Erste, der Zweite und der Dritte steigt in die Bezirksklasse auf.<br \/>\nb) Ein oder zwei Absteiger aus der Bereichsliga in die Bezirksklasse Freiburg\/Breisgau: Der Erste und der Zweite steigt in die Bezirksklasse auf.<br \/>\nc) Drei Absteiger aus der Bereichsliga in die Bezirksklasse Freiburg\/Breisgau: Der Erste steigt in die Bezirksklasse auf.<\/li>\n<li>Abstiegsregelung: a) Kein oder ein Absteiger aus der Bereichsliga in die Bezirksklasse Freiburg\/Breisgau: Der Letzte steigt ab.<br \/>\nb) Zwei oder drei Absteiger aus der Bereichsliga in die Bezirksklasse Freiburg\/Breisgau: Der Letzte und der Vorletzte steigt ab.<\/li>\n<\/ol>\n<h3>\u00a7 10 &#8211; Kreisklasse B<\/h3>\n<ol>\n<li>Aufstiegsregelung: a) Kein Absteiger aus der Bereichsliga in die Bezirksklasse Freiburg\/Breisgau: Der Erste, der Zweite und der Dritte steigt in die Kreisklasse A auf.<br \/>\nb) Ein oder zwei Absteiger aus der Bereichsliga in die Bezirksklasse Freiburg\/Breisgau: Der Erste und der Zweite steigt in die Kreisklasse A auf.<br \/>\nc) Drei Absteiger aus der Bereichsliga in die Bezirksklasse Freiburg\/Breisgau: Der Erste steigt in die Kreisklasse A auf.<\/li>\n<li>Abstiegsregelung: a) Kein oder ein Absteiger aus der Bereichsliga in die Bezirksklasse Freiburg\/Breisgau: Der Letzte steigt ab.<br \/>\nb) Zwei oder drei Absteiger aus der Bereichsliga in die Bezirksklasse Freiburg\/Breisgau: Der Letzte und der Vorletzte steigt ab.<\/li>\n<\/ol>\n<h3><a name=\"kreisb\"><\/a>\u00a7 11 &#8211; Kreisklasse C<\/h3>\n<ol>\n<li>Aufstiegsregelung: a) Kein Absteiger aus der Bereichsliga in die Bezirksklasse Freiburg\/Breisgau: Der Erste, der Zweite und der Dritte steigt in die Kreisklasse B auf.<br \/>\nb) Ein oder zwei Absteiger aus der Bereichsliga in die Bezirksklasse Freiburg\/Breisgau: Der Erste und der Zweite steigt in die Kreisklasse B auf.<br \/>\nc) Drei Absteiger aus der Bereichsliga in die Bezirksklasse Freiburg\/Breisgau: Der Erste steigt in die Kreisklasse B auf.<\/li>\n<li>Abstiegsregelung bei mehr als 10 Mannschaften in der Kreisklasse D:<br \/>\na) Kein Absteiger aus der Bereichsliga in die Bezirksklasse Freiburg\/Breisgau: Der Letzte und der Vorletzte steigt ab.<br \/>\nb) Ein oder zwei Absteiger aus der Bereichsliga in die Bezirksklasse Freiburg\/Breisgau: Der Letzte, der Vorletzte und der Drittletzte steigt ab.<br \/>\nc) Drei Absteiger aus der Bereichsliga in die Bezirksklasse Freiburg\/Breisgau: Der Letzte, der Vorletzte, der Drittletzte und der Viertletzte steigt ab.<\/li>\n<li>Abstiegsregelung bei bis zu 10 Mannschaften in der Kreisklasse C: a) Kein oder ein Absteiger aus der Bereichsliga in die Bezirksklasse Freiburg\/Breisgau: Der Letzte und der Vorletzte steigen ab.<br \/>\nb) Zwei oder drei Absteiger aus der Bereichsliga in die Bezirksklasse Freiburg\/Breisgau: Der Letzte, der Vorletzte und der Drittletzte steigt ab.<\/li>\n<\/ol>\n<h3><a name=\"kreisc\"><\/a>\u00a7 12 &#8211; Kreisklasse D<\/h3>\n<ol>\n<li>Bei einer Meldung bis zu 10 Mannschaften wird in einer Gruppe vollrundig gespielt.<br \/>\nAufstiegsregelung:<br \/>\na) Kein Absteiger aus der Bereichsliga in die Bezirksklasse Freiburg\/Breisgau: Der Erste, der Zweite, der Dritte und der Vierte steigt in die Kreisklasse C auf.<br \/>\nb) Ein oder zwei Absteiger aus der Bereichsliga in die Bezirksklasse Freiburg\/Breisgau: Der Erste, der Zweite und der Dritte steigt in die Kreisklasse C auf.<br \/>\nc) Drei Absteiger aus der Bereichsliga in die Bezirksklasse Freiburg\/Breisgau: Der Erste und Zweite steigt in die Kreisklasse C auf.<\/li>\n<li>Bei einer Meldung ab 11 Mannschaften wird in einer Gruppe nach Schweizer System gespielt. Die Pl\u00e4tze werden nach Mannschafts- und Brettpunkten vergeben, bei Punktgleichheit wird der Aufsteiger durch Stichk\u00e4mpfe ermittelt.<br \/>\nAufstiegsregelung:<br \/>\na) Kein oder ein Absteiger aus der Bereichsliga in die Bezirksklasse Freiburg\/Breisgau: Der Erste, der Zweite, der Dritte und der Vierte steigt in die Kreisklasse C auf.<br \/>\nb) Zwei oder drei Absteiger aus der Bereichsliga in die Bezirksklasse Freiburg\/Breisgau: Der Erste, der Zweite und der Dritte steigt in die Kreisklasse C auf.<\/li>\n<\/ol>\n<h3>\u00a7 13 &#8211; Entscheidungsspiele<\/h3>\n<p>Der Modus von Entscheidungsspielen wird von der Badischen Turnierordnung geregelt.<\/p>\n<h3><a name=\"MaPo\"><\/a>\u00a7 14 &#8211; Bezirksmannschaftspokal<\/h3>\n<ol>\n<li>Eine Pokalmannschaft besteht aus vier Spielern, wobei die Ausw\u00e4rtsmannschaft am ersten und am vierten Brett mit den wei\u00dfen Steinen spielt.<\/li>\n<li>Die Vereine des Bezirks k\u00f6nnen bis zu drei Mannschaften melden. Eine Pflicht zur Teilnahme mindestens einer Mannschaft besteht nicht. Wird keine Mannschaft gemeldet, so ist dies dem Turnierleiter jedoch vom betreffenden Verein mitzuteilen, ansonsten wird von der Teilnahme einer Mannschaft ausgegangen. Der Meldetermin wird vom Turnierleiter festgesetzt.<\/li>\n<li>Ein Spielerwechsel zwischen mehreren Pokalmannschaften eines Vereines ist nicht m\u00f6glich.<\/li>\n<li>Die Ansetzung der Paarungen erfolgt durch den Turnierleiter Pokal\/Blitz\/Einzel. Die Verteilung des Heimrechts wird durch den Turnierleiter m\u00f6glichst gerecht und ausgeglichen nach folgenden Regeln festgelegt:\n<ul type=\"CIRCLE\">\n<li>Von jeder Mannschaft wird ermittelt, wann sie Heimrecht in den Vorrunden hatte.<\/li>\n<li>Dabei werden evtl. kampflose Ergebnisse weggelassen.<\/li>\n<li>Die Kontrahenten bekommen jetzt das gegenteilige Heimrecht zur letzten Vorrunde.<\/li>\n<li>Bekommen beide Kontrahenten dadurch die gleiche Zuteilung, wird die vorhergehende Vorrunde herangezogen<\/li>\n<li>Dieses Verfahren wird entsprechend wiederholt.<\/li>\n<li>Sind nur noch bei einem Kontrahent Daten vorhanden, wird das Heimrecht durch den anderen bestimmt.<\/li>\n<li>Sind gar keine oder keine weiteren Vorrunden mehr heranziehbar, wird gelost.<\/li>\n<\/ul>\n<\/li>\n<li>Der Turnierleiter setzt einen Endtermin f\u00fcr die jeweilige Runde fest. Der gastgebende Verein einer Paarung hat dem Gegner zwei Terminvorschl\u00e4ge zu unterbreiten, von denen einer angenommen werden muss. Spieltag ist am Vereinsspielabend des Gastgebers.<\/li>\n<li>Die Bedenkzeit in einer Partie betr\u00e4gt 90 Minuten f\u00fcr 36 Z\u00fcge und 30 Minuten f\u00fcr den Rest pro Spieler.<\/li>\n<li>Turniermodus ist das KO-System.<\/li>\n<li>Vor der ersten Runde wird gegebenenfalls eine Vorrunde ausgetragen, in der die Teilnehmerzahl auf eine KO-System-gerechte Zahl reduziert wird.<\/li>\n<li>Bis einschlie\u00dflich des Achtelfinales spielen Mannschaften des gleichen Vereins nicht gegeneinander.<\/li>\n<li>Bei unentschiedenem Ausgang eines Wettkampfes entscheidet die &#8218;Berliner Wertung&#8216;:<br \/>\n1. Brett = 4 Punkte<br \/>\n2. Brett = 3 Punkte<br \/>\n3. Brett = 2 Punkte<br \/>\n4. Brett = 1 Punkt<br \/>\nBesteht auch danach Gleichstand, werden Blitzwettk\u00e4mpfe mit unver\u00e4nderter Mannschaftsaufstellung und Farbwechsel bis zur Entscheidung gespielt.<\/li>\n<li>Der Sieger ist Bezirksmannschaftspokalsieger und ist f\u00fcr die Badische Mannschaftspokalmeisterschaft qualifiziert<\/li>\n<\/ol>\n<h3><a name=\"senior\"><\/a>\u00a7 15 &#8211; Seniorenmannschaftsmeisterschaft<\/h3>\n<ol>\n<li>Es wird mit 4er-Mannschaften gespielt, jeder Verein kann mehrere Mannschaften melden. Spielgemeinschaften von Vereinen sind zul\u00e4ssig.<\/li>\n<li>Die weiteren Bestimmungen regeln sich nach denen der badischen Ebene, insbesondere die Spielberechtigung hinsichtlich der Altersuntergrenze.<\/li>\n<\/ol>\n<h3><a name=\"blmann\"><\/a>Abschnitt 3: Blitzmeisterschaft<\/h3>\n<h3>\u00a7 16 Mannschaftsmeisterschaft<\/h3>\n<ol>\n<li>Es wird mit 4er-Mannschaften gespielt, jeder Verein kann mehrere Mannschaften melden. Diese m\u00fcssen aus aktiv gemeldeten Spielern des Vereins bestehen, wenn sich der Verein f\u00fcr die Badischen Mannschaftsmeisterschaften qualifizieren will.<\/li>\n<li>Spielgemeinschaften von Vereinen und der Einsatz passiver Mitglieder ist zul\u00e4ssig; Solche Mannschaften k\u00f6nnen sich jedoch nicht f\u00fcr die Badischen Mannschaftsmeisterschaften im Blitzschach qualifizieren.<\/li>\n<li>Vor dem Turnier wird von jeder Mannschaft eine Rangliste mit jeweils sechs Spielern erstellt. Es darf um einen Platz getauscht werden.<\/li>\n<li>Es werden F\u00fcnf-Minuten-Blitzpartien nach den Regeln der FIDE gespielt.<\/li>\n<li>Es ist m\u00f6glichst vollrundig zu spielen. Bei gro\u00dfer Teilnehmerzahl ist gegebenenfalls eine Vor- und eine Finalrunde, bestehend aus den bestplatzierten Mannschaften in den Vorrunden zu spielen.<\/li>\n<li>Verantwortlich f\u00fcr die Durchf\u00fchrung ist der Turnierleiter Pokal\/Blitz\/Einzel.<\/li>\n<\/ol>\n<h3><a name=\"bleinzel\"><\/a>\u00a7 17 &#8211; Einzelmeisterschaft<\/h3>\n<ol>\n<li>Es ist m\u00f6glichst vollrundig zu spielen. Bei gro\u00dfer Teilnehmerzahl wird nach Schweizer System gespielt.<\/li>\n<li>Verantwortlich f\u00fcr die Durchf\u00fchrung ist der Turnierleiter Pokal\/Blitz\/Einzel.<\/li>\n<\/ol>\n<div id=\"_mcePaste\" style=\"position: absolute; left: -10000px; top: 1710px; width: 1px; height: 1px; overflow: hidden;\">\n<h3 class=\"western\"><span style=\"font-family: Arial,sans-serif;\"><span style=\"color: #000000;\"><span style=\"font-size: small;\"><span lang=\"de-DE\"><span style=\"text-decoration: none;\"><strong>Eine Mannschaft, die einmal nicht antritt, verliert ihr Aufstiegsrecht. Tritt eine Mannschaft <\/strong><\/span><\/span><\/span><\/span><span style=\"color: #000000;\"><span style=\"font-size: small;\"><span lang=\"de-DE\"><span style=\"text-decoration: none;\"><strong>in der Bezirksklasse, Kreisklasse A oder Kreisklasse B <\/strong><\/span><\/span><\/span><\/span><span style=\"color: #000000;\"><span style=\"font-size: small;\"><span lang=\"de-DE\"><strong>zum zweiten Mal nicht an, dann werden alle bisher erzielten Ergebnisse annulliert und die Mannschaft <\/strong><\/span><\/span><\/span><span style=\"color: #000000;\"><span style=\"font-size: small;\"><span lang=\"de-DE\"><strong>gilt <\/strong><\/span><\/span><\/span><span style=\"color: #000000;\"><span style=\"font-size: small;\"><span lang=\"de-DE\"><strong>als zur\u00fcckgezogen.<\/strong><\/span><\/span><\/span><\/span><\/h3>\n<\/div>\n","protected":false},"excerpt":{"rendered":"<p>Turnierordnung (verabschiedet in der Bezirksversammlung am 6. Juli 2012, letzte \u00c4nderung am 2. Juli 2014) Kapitel I &#8211; Allgemeine Vorschriften \u00a7 1 &#8211; Spielbetrieb Im Schachbezirk Freiburg\/Breisgau e.V. werden folgende &hellip; <a href=\"https:\/\/schachbezirk-freiburg.de\/?page_id=333\" class=\"more-link\"><span class=\"screen-reader-text\">Ordnungen<\/span> weiterlesen <span class=\"meta-nav\">&rarr;<\/span><\/a><\/p>\n","protected":false},"author":3,"featured_media":0,"parent":326,"menu_order":0,"comment_status":"closed","ping_status":"closed","template":"","meta":{"footnotes":""},"class_list":["post-333","page","type-page","status-publish","hentry"],"_links":{"self":[{"href":"https:\/\/schachbezirk-freiburg.de\/index.php?rest_route=\/wp\/v2\/pages\/333","targetHints":{"allow":["GET"]}}],"collection":[{"href":"https:\/\/schachbezirk-freiburg.de\/index.php?rest_route=\/wp\/v2\/pages"}],"about":[{"href":"https:\/\/schachbezirk-freiburg.de\/index.php?rest_route=\/wp\/v2\/types\/page"}],"author":[{"embeddable":true,"href":"https:\/\/schachbezirk-freiburg.de\/index.php?rest_route=\/wp\/v2\/users\/3"}],"replies":[{"embeddable":true,"href":"https:\/\/schachbezirk-freiburg.de\/index.php?rest_route=%2Fwp%2Fv2%2Fcomments&post=333"}],"version-history":[{"count":1,"href":"https:\/\/schachbezirk-freiburg.de\/index.php?rest_route=\/wp\/v2\/pages\/333\/revisions"}],"predecessor-version":[{"id":2012,"href":"https:\/\/schachbezirk-freiburg.de\/index.php?rest_route=\/wp\/v2\/pages\/333\/revisions\/2012"}],"up":[{"embeddable":true,"href":"https:\/\/schachbezirk-freiburg.de\/index.php?rest_route=\/wp\/v2\/pages\/326"}],"wp:attachment":[{"href":"https:\/\/schachbezirk-freiburg.de\/index.php?rest_route=%2Fwp%2Fv2%2Fmedia&parent=333"}],"curies":[{"name":"wp","href":"https:\/\/api.w.org\/{rel}","templated":true}]}}