{"id":273,"date":"2011-01-11T16:32:51","date_gmt":"2011-01-11T15:32:51","guid":{"rendered":"http:\/\/www.schachbezirk-freiburg.de\/?page_id=273"},"modified":"2011-01-11T16:32:51","modified_gmt":"2011-01-11T15:32:51","slug":"zahringen","status":"publish","type":"page","link":"https:\/\/schachbezirk-freiburg.de\/?page_id=273","title":{"rendered":"Z\u00e4hringen"},"content":{"rendered":"<p><strong>Internetauftritt: <\/strong><a href=\"http:\/\/www.freiburg1887.bsv-schach.de\/\">freiburg1887.bsv-schach.de<\/a><br \/>\n<strong>Vereinsabend: <\/strong>Freitag<strong><br \/>\nSpiellokal:<\/strong> Z\u00e4hringer Keller, Z\u00e4hringer Stra\u00dfe 348b, 79108 Freiburg<br \/>\n<style type=\"text\/css\">#map_1 {clear: both; padding: 0px; margin: 0px; border: 0px; width: 100%; height: 100%; margin-top:0px; margin-right:0px;margin-left:0px; margin-bottom:0px; left: 0px; border-radius:0px;\nbox-shadow: none;}#map_1 img{clear: both; padding: 0px; margin: 0px; border: 0px; width: 100%; height: 100%; position: absolute; margin-top:0px; margin-right:0px;margin-left:0px; margin-bottom:0px; border-radius:0px;\nbox-shadow: none;}<\/style><div id=\"map_1\" class=\"OSM_Map\" style=\"width:450px; height:450px; overflow:hidden;padding:0px;border:none;\"><script type=\"text\/javascript\">\/* <![CDATA[ *\/(function($) { OpenLayers.ImgPath = \"https:\/\/schachbezirk-freiburg.de\/wp-content\/plugins\/osm\/themes\/ol\/\"; map_1 = new OpenLayers.Map (\"map_1\", {            controls:[              new OpenLayers.Control.Navigation(),              new OpenLayers.Control.PanZoom(),              new OpenLayers.Control.Attribution()              ],          maxExtent: new OpenLayers.Bounds(-20037508.34,-20037508.34,20037508.34,20037508.34),          maxResolution: 156543.0399,          numZoomLevels: 19,          units: \"m\",          projection: new OpenLayers.Projection(\"EPSG:900913\"),          displayProjection: new OpenLayers.Projection(\"EPSG:4326\")      } );var lmap = new OpenLayers.Layer.OSM.Mapnik(\"Mapnik\");map_1.addLayers([lmap]);var lonLat = new OpenLayers.LonLat(7.858071,48.023388).transform(map_1.displayProjection, map_1.projection);map_1.setCenter (lonLat,16);var MarkerLayer = new OpenLayers.Layer.Markers(\"Marker\");map_1.addLayer(MarkerLayer);\n      function osm_map_1MarkerPopUpClick(a_evt){\n        if (this.popup == null){\n          this.popup = this.createPopup(this.closeBox);\n          map_1.addPopup(this.popup);\n          this.popup.show();\n        }\n        else{\n          for (var i = 0; i < map_1.popups.length; i++){\n          map_1.popups[i].hide();\n          }\n          this.popup.toggle();\n        }\n        OpenLayers.Event.stop(a_evt);\n      }\n    var map_1IconArray = [];var Mdata = {};\n        Mdata.icon = new OpenLayers.Icon(\"https:\/\/schachbezirk-freiburg.de\/wp-content\/plugins\/osm\/icons\/marker_blue.png\",\n          new OpenLayers.Size(24,24),\n          new OpenLayers.Pixel(0, -24));map_1IconArray.push(Mdata);var ll = new OpenLayers.LonLat(7.858071,48.023388).transform(map_1.displayProjection, map_1.projection);var feature = new OpenLayers.Feature(MarkerLayer, ll, map_1IconArray[0]);feature.closeBox = true;feature.popupClass = OpenLayers.Class(OpenLayers.Popup.FramedCloud, {\"autoSize\": true, minSize: new OpenLayers.Size(150,150),\"keepInMap\": true } );feature.data.popupContentHTML = \"\";feature.data.overflow = \"hidden\";var marker = new OpenLayers.Marker(ll,map_1IconArray[0].icon.clone());marker.feature = feature;MarkerLayer.addMarker(marker);var lonLat = new OpenLayers.LonLat(7.858071,48.023388).transform(map_1.displayProjection, map_1.projection);map_1.setCenter (lonLat,16);})(jQuery)\/* ]]> *\/ <\/script><\/div> <\/p>\n","protected":false},"excerpt":{"rendered":"<p>Internetauftritt: freiburg1887.bsv-schach.de Vereinsabend: Freitag Spiellokal: Z\u00e4hringer Keller, Z\u00e4hringer Stra\u00dfe 348b, 79108 Freiburg<\/p>\n","protected":false},"author":3,"featured_media":0,"parent":201,"menu_order":24,"comment_status":"closed","ping_status":"closed","template":"","meta":{"footnotes":""},"class_list":["post-273","page","type-page","status-publish","hentry"],"_links":{"self":[{"href":"https:\/\/schachbezirk-freiburg.de\/index.php?rest_route=\/wp\/v2\/pages\/273","targetHints":{"allow":["GET"]}}],"collection":[{"href":"https:\/\/schachbezirk-freiburg.de\/index.php?rest_route=\/wp\/v2\/pages"}],"about":[{"href":"https:\/\/schachbezirk-freiburg.de\/index.php?rest_route=\/wp\/v2\/types\/page"}],"author":[{"embeddable":true,"href":"https:\/\/schachbezirk-freiburg.de\/index.php?rest_route=\/wp\/v2\/users\/3"}],"replies":[{"embeddable":true,"href":"https:\/\/schachbezirk-freiburg.de\/index.php?rest_route=%2Fwp%2Fv2%2Fcomments&post=273"}],"version-history":[{"count":0,"href":"https:\/\/schachbezirk-freiburg.de\/index.php?rest_route=\/wp\/v2\/pages\/273\/revisions"}],"up":[{"embeddable":true,"href":"https:\/\/schachbezirk-freiburg.de\/index.php?rest_route=\/wp\/v2\/pages\/201"}],"wp:attachment":[{"href":"https:\/\/schachbezirk-freiburg.de\/index.php?rest_route=%2Fwp%2Fv2%2Fmedia&parent=273"}],"curies":[{"name":"wp","href":"https:\/\/api.w.org\/{rel}","templated":true}]}}